{"id":8893,"date":"2025-04-05T10:23:46","date_gmt":"2025-04-05T10:23:46","guid":{"rendered":"https:\/\/liftohealth.dz\/product\/miroir-quadrille-sur-roues-pour-la-physiotherapie-et-la-reeducation-liftosium\/"},"modified":"2025-04-05T10:23:46","modified_gmt":"2025-04-05T10:23:46","slug":"miroir-quadrille-sur-roues-pour-la-physiotherapie-et-la-reeducation-liftosium","status":"publish","type":"product","link":"https:\/\/liftohealth.dz\/en\/product\/miroir-quadrille-sur-roues-pour-la-physiotherapie-et-la-reeducation-liftosium\/","title":{"rendered":"Miroir Quadrill\u00e9 sur Roues pour la Physioth\u00e9rapie et la R\u00e9\u00e9ducation | Liftosium"},"content":{"rendered":"<p>This professional-quality grid mirror on wheels is a must-have for physiotherapy and rehabilitation centers. Designed to help patients and therapists achieve optimal results, it combines functionality, durability and practicality to enhance therapy sessions and promote recovery. <\/p>\n","protected":false},"excerpt":{"rendered":"<p>This professional-quality grid mirror on wheels is a must-have for physiotherapy and rehabilitation centers. Designed to help patients and therapists achieve optimal results, it combines functionality, durability and practicality to enhance therapy sessions and promote recovery.<\/p>\n","protected":false},"featured_media":8679,"comment_status":"open","ping_status":"closed","template":"","meta":{"inline_featured_image":false},"product_brand":[101],"product_cat":[15],"product_tag":[],"class_list":{"0":"post-8893","1":"product","2":"type-product","3":"status-publish","4":"has-post-thumbnail","6":"product_brand-liftosium","7":"product_cat-uncategorized","9":"first","10":"instock","11":"shipping-taxable","12":"product-type-simple"},"_links":{"self":[{"href":"https:\/\/liftohealth.dz\/en\/wp-json\/wp\/v2\/product\/8893","targetHints":{"allow":["GET"]}}],"collection":[{"href":"https:\/\/liftohealth.dz\/en\/wp-json\/wp\/v2\/product"}],"about":[{"href":"https:\/\/liftohealth.dz\/en\/wp-json\/wp\/v2\/types\/product"}],"replies":[{"embeddable":true,"href":"https:\/\/liftohealth.dz\/en\/wp-json\/wp\/v2\/comments?post=8893"}],"wp:featuredmedia":[{"embeddable":true,"href":"https:\/\/liftohealth.dz\/en\/wp-json\/wp\/v2\/media\/8679"}],"wp:attachment":[{"href":"https:\/\/liftohealth.dz\/en\/wp-json\/wp\/v2\/media?parent=8893"}],"wp:term":[{"taxonomy":"product_brand","embeddable":true,"href":"https:\/\/liftohealth.dz\/en\/wp-json\/wp\/v2\/product_brand?post=8893"},{"taxonomy":"product_cat","embeddable":true,"href":"https:\/\/liftohealth.dz\/en\/wp-json\/wp\/v2\/product_cat?post=8893"},{"taxonomy":"product_tag","embeddable":true,"href":"https:\/\/liftohealth.dz\/en\/wp-json\/wp\/v2\/product_tag?post=8893"}],"curies":[{"name":"wp","href":"https:\/\/api.w.org\/{rel}","templated":true}]}}