{"id":8897,"date":"2025-04-05T10:23:52","date_gmt":"2025-04-05T10:23:52","guid":{"rendered":"https:\/\/liftohealth.dz\/product\/rehabilitation-climbing-board-liftosium\/"},"modified":"2025-04-05T10:23:52","modified_gmt":"2025-04-05T10:23:52","slug":"rehabilitation-climbing-board-liftosium","status":"publish","type":"product","link":"https:\/\/liftohealth.dz\/en\/product\/rehabilitation-climbing-board-liftosium\/","title":{"rendered":"Rehabilitation Climbing Board | Liftosium"},"content":{"rendered":"<p>La planche d\u2019escalade de r\u00e9\u00e9ducation (244 cm x 122 cm) am\u00e9liore la force du haut du corps, la coordination et les comp\u00e9tences motrices. Perfect for physiotherapy, rehabilitation and occupational therapy, with colored holes for a stimulating workout.<\/p>\n","protected":false},"excerpt":{"rendered":"<p>La planche d\u2019escalade de r\u00e9\u00e9ducation (244 cm x 122 cm) am\u00e9liore la force du haut du corps, la coordination et les comp\u00e9tences motrices. Perfect for physiotherapy, rehabilitation and occupational therapy, with colored holes for a stimulating workout.<\/p>\n","protected":false},"featured_media":8687,"comment_status":"open","ping_status":"closed","template":"","meta":{"inline_featured_image":false},"product_brand":[101],"product_cat":[15],"product_tag":[],"class_list":{"0":"post-8897","1":"product","2":"type-product","3":"status-publish","4":"has-post-thumbnail","6":"product_brand-liftosium","7":"product_cat-uncategorized","9":"first","10":"instock","11":"shipping-taxable","12":"product-type-simple"},"_links":{"self":[{"href":"https:\/\/liftohealth.dz\/en\/wp-json\/wp\/v2\/product\/8897","targetHints":{"allow":["GET"]}}],"collection":[{"href":"https:\/\/liftohealth.dz\/en\/wp-json\/wp\/v2\/product"}],"about":[{"href":"https:\/\/liftohealth.dz\/en\/wp-json\/wp\/v2\/types\/product"}],"replies":[{"embeddable":true,"href":"https:\/\/liftohealth.dz\/en\/wp-json\/wp\/v2\/comments?post=8897"}],"wp:featuredmedia":[{"embeddable":true,"href":"https:\/\/liftohealth.dz\/en\/wp-json\/wp\/v2\/media\/8687"}],"wp:attachment":[{"href":"https:\/\/liftohealth.dz\/en\/wp-json\/wp\/v2\/media?parent=8897"}],"wp:term":[{"taxonomy":"product_brand","embeddable":true,"href":"https:\/\/liftohealth.dz\/en\/wp-json\/wp\/v2\/product_brand?post=8897"},{"taxonomy":"product_cat","embeddable":true,"href":"https:\/\/liftohealth.dz\/en\/wp-json\/wp\/v2\/product_cat?post=8897"},{"taxonomy":"product_tag","embeddable":true,"href":"https:\/\/liftohealth.dz\/en\/wp-json\/wp\/v2\/product_tag?post=8897"}],"curies":[{"name":"wp","href":"https:\/\/api.w.org\/{rel}","templated":true}]}}